{"id":31,"date":"2023-08-01T14:54:35","date_gmt":"2023-08-01T12:54:35","guid":{"rendered":"https:\/\/nepal.molle-steiner.ch\/?page_id=31"},"modified":"2023-08-12T12:38:51","modified_gmt":"2023-08-12T10:38:51","slug":"reiseinfos","status":"publish","type":"page","link":"https:\/\/nepal.molle-steiner.ch\/?page_id=31","title":{"rendered":"Der Trek"},"content":{"rendered":"\n<h5 class=\"wp-block-heading\">Drei-P\u00e4sse-Runde im Everest-Gebiet<\/h5>\n\n\n\n<p>Herausforderndes Lodgetrekking durch einsame Seitent\u00e4ler und \u00fcber spektakul\u00e4re Himalaya-P\u00e4sse &#8211; by Diamir.<\/p>\n\n\n\n<figure class=\"wp-block-image size-full\"><img loading=\"lazy\" decoding=\"async\" width=\"383\" height=\"382\" src=\"https:\/\/nepal.molle-steiner.ch\/wp-content\/uploads\/2023\/08\/everest-three-passes-trek-map.jpeg\" alt=\"\" class=\"wp-image-178\" srcset=\"https:\/\/nepal.molle-steiner.ch\/wp-content\/uploads\/2023\/08\/everest-three-passes-trek-map.jpeg 383w, https:\/\/nepal.molle-steiner.ch\/wp-content\/uploads\/2023\/08\/everest-three-passes-trek-map-300x300.jpeg 300w, https:\/\/nepal.molle-steiner.ch\/wp-content\/uploads\/2023\/08\/everest-three-passes-trek-map-150x150.jpeg 150w\" sizes=\"auto, (max-width: 383px) 100vw, 383px\" \/><figcaption class=\"wp-element-caption\">So ungef\u00e4hr diese Runde wird es sein<\/figcaption><\/figure>\n\n\n\n<h5 class=\"wp-block-heading\">\u00dcber drei Himalaya-P\u00e4sse durch das gigantische Khumbu-Himal<\/h5>\n\n\n\n<p>Die Kombination der drei Himalaya-P\u00e4sse Renjo La (5360\u00a0m), Cho La (5370\u00a0m) und Kongma La (5535\u00a0m) mit mehreren Aussichtsgipfeln f\u00fchrt Sie nicht nur abseits der normalen Hauptwanderrouten durch die herrliche Bergwelt des Sagarmatha-Nationalparks, sondern bietet auch immer wieder grandiose 360\u00b0-Ausblicke auf die ber\u00fchmten 8000er und zahlreichen anderen Bergriesen des Khumbu-Himal. Diese umfangreiche Route ist eine der sch\u00f6nsten, lohnenswertesten aber auch herausforderndsten in der Everest-Region.<\/p>\n\n\n\n<h5 class=\"wp-block-heading\"> <a href=\"https:\/\/www.diamir.de\/nepal\/reise\/NEP3PK\" target=\"_blank\" rel=\"noreferrer noopener\">Reiseverlauf<\/a><\/h5>\n\n\n\n<p><\/p>\n","protected":false},"excerpt":{"rendered":"<p>Drei-P\u00e4sse-Runde im Everest-Gebiet Herausforderndes Lodgetrekking durch einsame Seitent\u00e4ler und \u00fcber spektakul\u00e4re Himalaya-P\u00e4sse &#8211; by Diamir. \u00dcber drei Himalaya-P\u00e4sse durch das gigantische Khumbu-Himal Die Kombination der drei Himalaya-P\u00e4sse Renjo La (5360\u00a0m), Cho La (5370\u00a0m) und Kongma La (5535\u00a0m) mit mehreren Aussichtsgipfeln f\u00fchrt Sie nicht nur abseits der normalen Hauptwanderrouten durch die herrliche Bergwelt des Sagarmatha-Nationalparks, sondern [&hellip;]<\/p>\n","protected":false},"author":1,"featured_media":0,"parent":0,"menu_order":0,"comment_status":"closed","ping_status":"closed","template":"","meta":{"footnotes":""},"class_list":["post-31","page","type-page","status-publish","hentry"],"_links":{"self":[{"href":"https:\/\/nepal.molle-steiner.ch\/index.php?rest_route=\/wp\/v2\/pages\/31","targetHints":{"allow":["GET"]}}],"collection":[{"href":"https:\/\/nepal.molle-steiner.ch\/index.php?rest_route=\/wp\/v2\/pages"}],"about":[{"href":"https:\/\/nepal.molle-steiner.ch\/index.php?rest_route=\/wp\/v2\/types\/page"}],"author":[{"embeddable":true,"href":"https:\/\/nepal.molle-steiner.ch\/index.php?rest_route=\/wp\/v2\/users\/1"}],"replies":[{"embeddable":true,"href":"https:\/\/nepal.molle-steiner.ch\/index.php?rest_route=%2Fwp%2Fv2%2Fcomments&post=31"}],"version-history":[{"count":8,"href":"https:\/\/nepal.molle-steiner.ch\/index.php?rest_route=\/wp\/v2\/pages\/31\/revisions"}],"predecessor-version":[{"id":186,"href":"https:\/\/nepal.molle-steiner.ch\/index.php?rest_route=\/wp\/v2\/pages\/31\/revisions\/186"}],"wp:attachment":[{"href":"https:\/\/nepal.molle-steiner.ch\/index.php?rest_route=%2Fwp%2Fv2%2Fmedia&parent=31"}],"curies":[{"name":"wp","href":"https:\/\/api.w.org\/{rel}","templated":true}]}}